{"id":21,"date":"2023-12-04T07:08:37","date_gmt":"2023-12-04T07:08:37","guid":{"rendered":"https:\/\/losjehusetiasker.no\/?page_id=21"},"modified":"2026-01-30T08:30:57","modified_gmt":"2026-01-30T08:30:57","slug":"kontakt-oss","status":"publish","type":"page","link":"https:\/\/losjehusetiasker.no\/index.php\/kontakt-oss\/","title":{"rendered":"Kontakt oss!"},"content":{"rendered":"<p>&nbsp;<\/p>\n<p>Bor du i B\u00e6rum, Asker, Tofte og omegn, har sp\u00f8rsm\u00e5l om hvem vi i Losje Fraxinus er, vel da er du hjertelig velkommen til \u00e5 ta kontakt.<\/p>\n<p>Her kan du lese mer om Den Norske Druidorden:<\/p>\n<p><a href=\"https:\/\/www.fgdo.no\/druidordenen\/historie\/\">Historie &#8211; Den Norske Druidorden (fgdo.no)<\/a><\/p>\n<p>Ta gjerne kontakt:<\/p>\n<p>Ivar Andersen p\u00e5 tlf: 957 29 266, e-post: ivar@konsulent.as<\/p>\n<p>eller<\/p>\n<p>Bj\u00f8rn Kostamo p\u00e5 tlf: 907 61 512, e-post: cozta@online.no<\/p>\n","protected":false},"excerpt":{"rendered":"<p>&nbsp; Bor du i B\u00e6rum, Asker, Tofte og omegn, har sp\u00f8rsm\u00e5l om hvem vi i Losje Fraxinus er, vel da er du hjertelig velkommen til \u00e5 ta kontakt. Her kan du lese mer om Den Norske Druidorden: Historie &#8211; Den Norske Druidorden (fgdo.no) Ta gjerne kontakt: Ivar Andersen p\u00e5 tlf: 957 29 266, e-post: ivar@konsulent.as [&hellip;]<\/p>\n","protected":false},"author":1,"featured_media":0,"parent":0,"menu_order":0,"comment_status":"closed","ping_status":"closed","template":"","meta":{"footnotes":""},"class_list":["post-21","page","type-page","status-publish","hentry"],"_links":{"self":[{"href":"https:\/\/losjehusetiasker.no\/index.php\/wp-json\/wp\/v2\/pages\/21","targetHints":{"allow":["GET"]}}],"collection":[{"href":"https:\/\/losjehusetiasker.no\/index.php\/wp-json\/wp\/v2\/pages"}],"about":[{"href":"https:\/\/losjehusetiasker.no\/index.php\/wp-json\/wp\/v2\/types\/page"}],"author":[{"embeddable":true,"href":"https:\/\/losjehusetiasker.no\/index.php\/wp-json\/wp\/v2\/users\/1"}],"replies":[{"embeddable":true,"href":"https:\/\/losjehusetiasker.no\/index.php\/wp-json\/wp\/v2\/comments?post=21"}],"version-history":[{"count":7,"href":"https:\/\/losjehusetiasker.no\/index.php\/wp-json\/wp\/v2\/pages\/21\/revisions"}],"predecessor-version":[{"id":89,"href":"https:\/\/losjehusetiasker.no\/index.php\/wp-json\/wp\/v2\/pages\/21\/revisions\/89"}],"wp:attachment":[{"href":"https:\/\/losjehusetiasker.no\/index.php\/wp-json\/wp\/v2\/media?parent=21"}],"curies":[{"name":"wp","href":"https:\/\/api.w.org\/{rel}","templated":true}]}}