{"id":6,"date":"2023-12-01T11:30:26","date_gmt":"2023-12-01T11:30:26","guid":{"rendered":"https:\/\/losjehusetiasker.no\/?page_id=6"},"modified":"2025-10-16T07:00:21","modified_gmt":"2025-10-16T07:00:21","slug":"utleie-av-losjehuset-i-asker","status":"publish","type":"page","link":"https:\/\/losjehusetiasker.no\/index.php\/utleie-av-losjehuset-i-asker\/","title":{"rendered":"Utleie av Losjehuset i Asker"},"content":{"rendered":"<p>Utleie av losjehuset i Asker (Druidenes hus &#8211; Lia)<\/p>\n<p><img loading=\"lazy\" decoding=\"async\" class=\"alignnone size-medium wp-image-7\" src=\"https:\/\/losjehusetiasker.no\/wp-content\/uploads\/2023\/12\/Lia-300x200.jpg\" alt=\"\" width=\"300\" height=\"200\" srcset=\"https:\/\/losjehusetiasker.no\/wp-content\/uploads\/2023\/12\/Lia-300x200.jpg 300w, https:\/\/losjehusetiasker.no\/wp-content\/uploads\/2023\/12\/Lia-1024x684.jpg 1024w, https:\/\/losjehusetiasker.no\/wp-content\/uploads\/2023\/12\/Lia-768x513.jpg 768w, https:\/\/losjehusetiasker.no\/wp-content\/uploads\/2023\/12\/Lia.jpg 1110w\" sizes=\"auto, (max-width: 300px) 100vw, 300px\" \/><\/p>\n<p>Rimelig lokale til m\u00f8ter og festligheter!<\/p>\n<p>Godt egnet til;<\/p>\n<p>JUBILEER, F\u00d8DSELSDAGER, D\u00c5P, KONFIRMASJON, MINNESTUND, SAMEIEM\u00d8TE, \u00c5RSM\u00d8TE, KLUBB\/STYRE OG FORENINGSM\u00d8TER osv.<\/p>\n<p>Viktig! Vi har satt en nedre grense for leie til 25 \u00e5r for ansvarlig leietaker.<\/p>\n<p><strong>Vi anbefaler 35 personer +\/-<\/strong><\/p>\n<ul>\n<li>Kort vei til buss og tog<\/li>\n<li>Gode parkeringsforhold<\/li>\n<li>Tilrettelagt for HC<\/li>\n<li>Komplett anretnings-kj\u00f8kken med service, bestikk og utstyr<\/li>\n<li>Storkj\u00f8kken-oppvaskmaskin<\/li>\n<li>Tilgang til kj\u00f8lerom<\/li>\n<li>Utleie av duker for runde bord (be om priser)<\/li>\n<li>Prosjektor m\/lerret<\/li>\n<\/ul>\n<p><strong>Priser:<\/strong><\/p>\n<p>Dagtid ukedager 09:00 \u2013 16:00 NOK 1500,00<br \/>\nKveldstid ukedager 16:00 \u2013 23:00 NOK 2000,00<br \/>\nFredag fra 17:00 NOK 3000,00<br \/>\nL\u00f8rdag NOK 3000,00<br \/>\nS\u00f8ndag NOK 3000,00<\/p>\n<p>Helligdager og offisielle fridager NOK 3000,00<\/p>\n<p>Vi ber om at dersom du er uheldig \u00e5 \u00f8delegger noe under leieforholdet om \u00e5 gi oss beskjed. Skader kan medf\u00f8re erstatningsansvar.<\/p>\n<p>Adresse: R\u00f8ykenveien 142b, 1386 Asker<\/p>\n<p>Kontaktperson: Jan G. Almerud<\/p>\n<p>Epost: jangunnaralmerud@hotmail.com<\/p>\n<p>Telefon: 97189781<\/p>\n<p><img loading=\"lazy\" decoding=\"async\" class=\"alignnone size-medium wp-image-54\" src=\"https:\/\/losjehusetiasker.no\/wp-content\/uploads\/2025\/02\/Lokaler-135x300.jpg\" alt=\"\" width=\"135\" height=\"300\" srcset=\"https:\/\/losjehusetiasker.no\/wp-content\/uploads\/2025\/02\/Lokaler-135x300.jpg 135w, https:\/\/losjehusetiasker.no\/wp-content\/uploads\/2025\/02\/Lokaler-461x1024.jpg 461w, https:\/\/losjehusetiasker.no\/wp-content\/uploads\/2025\/02\/Lokaler.jpg 669w\" sizes=\"auto, (max-width: 135px) 100vw, 135px\" \/> <img loading=\"lazy\" decoding=\"async\" class=\"alignnone size-medium wp-image-53\" src=\"https:\/\/losjehusetiasker.no\/wp-content\/uploads\/2025\/02\/Kjooken-3-300x135.jpg\" alt=\"\" width=\"300\" height=\"135\" srcset=\"https:\/\/losjehusetiasker.no\/wp-content\/uploads\/2025\/02\/Kjooken-3-300x135.jpg 300w, https:\/\/losjehusetiasker.no\/wp-content\/uploads\/2025\/02\/Kjooken-3-1024x461.jpg 1024w, https:\/\/losjehusetiasker.no\/wp-content\/uploads\/2025\/02\/Kjooken-3-768x346.jpg 768w, https:\/\/losjehusetiasker.no\/wp-content\/uploads\/2025\/02\/Kjooken-3-1536x691.jpg 1536w, https:\/\/losjehusetiasker.no\/wp-content\/uploads\/2025\/02\/Kjooken-3.jpg 2040w\" sizes=\"auto, (max-width: 300px) 100vw, 300px\" \/> <img loading=\"lazy\" decoding=\"async\" class=\"alignnone size-medium wp-image-51\" src=\"https:\/\/losjehusetiasker.no\/wp-content\/uploads\/2025\/02\/Hjertestarter-135x300.jpg\" alt=\"\" width=\"135\" height=\"300\" srcset=\"https:\/\/losjehusetiasker.no\/wp-content\/uploads\/2025\/02\/Hjertestarter-135x300.jpg 135w, https:\/\/losjehusetiasker.no\/wp-content\/uploads\/2025\/02\/Hjertestarter-461x1024.jpg 461w, https:\/\/losjehusetiasker.no\/wp-content\/uploads\/2025\/02\/Hjertestarter-768x1707.jpg 768w, https:\/\/losjehusetiasker.no\/wp-content\/uploads\/2025\/02\/Hjertestarter-691x1536.jpg 691w, https:\/\/losjehusetiasker.no\/wp-content\/uploads\/2025\/02\/Hjertestarter.jpg 918w\" sizes=\"auto, (max-width: 135px) 100vw, 135px\" \/> <img loading=\"lazy\" decoding=\"async\" class=\"alignnone size-medium wp-image-52\" src=\"https:\/\/losjehusetiasker.no\/wp-content\/uploads\/2025\/02\/Glassskap-300x135.jpg\" alt=\"\" width=\"300\" height=\"135\" srcset=\"https:\/\/losjehusetiasker.no\/wp-content\/uploads\/2025\/02\/Glassskap-300x135.jpg 300w, https:\/\/losjehusetiasker.no\/wp-content\/uploads\/2025\/02\/Glassskap-1024x461.jpg 1024w, https:\/\/losjehusetiasker.no\/wp-content\/uploads\/2025\/02\/Glassskap-768x346.jpg 768w, https:\/\/losjehusetiasker.no\/wp-content\/uploads\/2025\/02\/Glassskap-1536x691.jpg 1536w, https:\/\/losjehusetiasker.no\/wp-content\/uploads\/2025\/02\/Glassskap.jpg 2040w\" sizes=\"auto, (max-width: 300px) 100vw, 300px\" \/><\/p>\n<p><img loading=\"lazy\" decoding=\"async\" class=\"alignnone size-medium wp-image-50\" src=\"https:\/\/losjehusetiasker.no\/wp-content\/uploads\/2025\/02\/Kjokken-2-135x300.jpg\" alt=\"\" width=\"135\" height=\"300\" srcset=\"https:\/\/losjehusetiasker.no\/wp-content\/uploads\/2025\/02\/Kjokken-2-135x300.jpg 135w, https:\/\/losjehusetiasker.no\/wp-content\/uploads\/2025\/02\/Kjokken-2-461x1024.jpg 461w, https:\/\/losjehusetiasker.no\/wp-content\/uploads\/2025\/02\/Kjokken-2-768x1707.jpg 768w, https:\/\/losjehusetiasker.no\/wp-content\/uploads\/2025\/02\/Kjokken-2-691x1536.jpg 691w, https:\/\/losjehusetiasker.no\/wp-content\/uploads\/2025\/02\/Kjokken-2.jpg 918w\" sizes=\"auto, (max-width: 135px) 100vw, 135px\" \/><\/p>\n","protected":false},"excerpt":{"rendered":"<p>Utleie av losjehuset i Asker (Druidenes hus &#8211; Lia) Rimelig lokale til m\u00f8ter og festligheter! Godt egnet til; JUBILEER, F\u00d8DSELSDAGER, D\u00c5P, KONFIRMASJON, MINNESTUND, SAMEIEM\u00d8TE, \u00c5RSM\u00d8TE, KLUBB\/STYRE OG FORENINGSM\u00d8TER osv. Viktig! Vi har satt en nedre grense for leie til 25 \u00e5r for ansvarlig leietaker. Vi anbefaler 35 personer +\/- Kort vei til buss og tog [&hellip;]<\/p>\n","protected":false},"author":1,"featured_media":0,"parent":0,"menu_order":0,"comment_status":"closed","ping_status":"closed","template":"","meta":{"footnotes":""},"class_list":["post-6","page","type-page","status-publish","hentry"],"_links":{"self":[{"href":"https:\/\/losjehusetiasker.no\/index.php\/wp-json\/wp\/v2\/pages\/6","targetHints":{"allow":["GET"]}}],"collection":[{"href":"https:\/\/losjehusetiasker.no\/index.php\/wp-json\/wp\/v2\/pages"}],"about":[{"href":"https:\/\/losjehusetiasker.no\/index.php\/wp-json\/wp\/v2\/types\/page"}],"author":[{"embeddable":true,"href":"https:\/\/losjehusetiasker.no\/index.php\/wp-json\/wp\/v2\/users\/1"}],"replies":[{"embeddable":true,"href":"https:\/\/losjehusetiasker.no\/index.php\/wp-json\/wp\/v2\/comments?post=6"}],"version-history":[{"count":8,"href":"https:\/\/losjehusetiasker.no\/index.php\/wp-json\/wp\/v2\/pages\/6\/revisions"}],"predecessor-version":[{"id":76,"href":"https:\/\/losjehusetiasker.no\/index.php\/wp-json\/wp\/v2\/pages\/6\/revisions\/76"}],"wp:attachment":[{"href":"https:\/\/losjehusetiasker.no\/index.php\/wp-json\/wp\/v2\/media?parent=6"}],"curies":[{"name":"wp","href":"https:\/\/api.w.org\/{rel}","templated":true}]}}